{"id":657,"date":"2024-12-11T16:41:49","date_gmt":"2024-12-11T16:41:49","guid":{"rendered":"https:\/\/digital-partners.co\/?page_id=657"},"modified":"2025-05-07T19:02:20","modified_gmt":"2025-05-07T19:02:20","slug":"experience","status":"publish","type":"page","link":"https:\/\/digital-partners.co\/es\/experience\/","title":{"rendered":"EXPERIENCIA"},"content":{"rendered":"<div id=\"page-title\" class=\"wp-block-uagb-container uagb-block-b98cd2b1 alignfull uagb-is-root-container\"><div class=\"uagb-container__shape uagb-container__shape-bottom uagb-container__invert\" data-negative=\"false\"><svg xmlns=\"https:\/\/www.w3.org\/2000\/svg\" viewbox=\"0 0 2600 131.1\" preserveaspectratio=\"none\"><path class=\"uagb-container__shape-fill\" d=\"M0 0L2600 0 2600 69.1 0 0z\"><\/path><path class=\"uagb-container__shape-fill\" opacity=\"0.5\" d=\"M0 0L2600 0 2600 69.1 0 69.1z\"><\/path><path class=\"uagb-container__shape-fill\" opacity=\"0.25\" d=\"M2600 0L0 0 0 130.1 2600 69.1z\"><\/path><\/svg><\/div><div class=\"uagb-container-inner-blocks-wrap\">\n<div class=\"wp-block-uagb-advanced-heading uagb-block-b7c32354\"><h1 class=\"uagb-heading-text\">EXPERIENCIA<\/h1><\/div>\n<\/div><\/div>\n\n\n\n<div id=\"wtw\" class=\"wp-block-uagb-container uagb-block-3bf40556 alignfull uagb-is-root-container\"><div class=\"uagb-container-inner-blocks-wrap\">\n<div class=\"wp-block-uagb-container uagb-block-1422c64f\">\n<div class=\"wp-block-uagb-advanced-heading uagb-block-2040da06\"><p class=\"uagb-desc-text\"><strong>Outsourcing<\/strong><\/p><h2 class=\"uagb-heading-text\"><strong>Willis Towers Watson<\/strong><\/h2><\/div>\n\n\n\n<div class=\"wp-block-uagb-container uagb-block-efed1095\">\n<figure class=\"wp-block-image size-full is-resized\"><img decoding=\"async\" src=\"https:\/\/digital-partners.co\/wp-content\/uploads\/2024\/12\/bandera_colombia.webp\" alt=\"\" style=\"width:auto;height:50px\"\/><\/figure>\n\n\n\n<figure class=\"wp-block-image size-full is-resized\"><img decoding=\"async\" src=\"https:\/\/digital-partners.co\/wp-content\/uploads\/2024\/12\/wtw.svg\" alt=\"\" style=\"width:auto;height:50px\"\/><\/figure>\n<\/div>\n\n\n\n<p class=\"has-text-align-right has-ast-global-color-2-color has-text-color has-link-color wp-elements-0403cfceefb8fce437d2a03f6817405f\"><strong>Desde el a\u00f1o 2021, Willis Towers Watson ha confiado en Double V Partners. <\/strong>Con un equipo de m\u00e1s de 40 especialistas de diferentes \u00e1reas, trabajamos en estrecha colaboraci\u00f3n con Willis Towers Watson para brindar soluciones integralmente dise\u00f1adas en Colombia, Panam\u00e1, M\u00e9xico y otros pa\u00edses de Centroam\u00e9rica.<\/p>\n<\/div>\n\n\n\n<div class=\"wp-block-uagb-container uagb-block-b07e33bd\">\n<figure class=\"wp-block-image size-full\"><img decoding=\"async\" src=\"https:\/\/digital-partners.co\/wp-content\/uploads\/2024\/12\/7_wtw.webp\" alt=\"\"\/><\/figure>\n<\/div>\n<\/div><\/div>\n\n\n\n<div id=\"positiva\" class=\"wp-block-uagb-container uagb-block-8cb1cd42 alignfull uagb-is-root-container\"><div class=\"uagb-container-inner-blocks-wrap\">\n<div class=\"wp-block-uagb-container uagb-block-fcdc78a0\">\n<figure class=\"wp-block-image size-full\"><img decoding=\"async\" src=\"https:\/\/digital-partners.co\/wp-content\/uploads\/2024\/12\/8_positiva.webp\" alt=\"\"\/><\/figure>\n<\/div>\n\n\n\n<div class=\"wp-block-uagb-container uagb-block-48910337\">\n<div class=\"wp-block-uagb-advanced-heading uagb-block-d366c8b4\"><p class=\"uagb-desc-text\"><strong><strong>Consulting<\/strong><\/strong><\/p><h2 class=\"uagb-heading-text\"><strong>positiva<\/strong><\/h2><\/div>\n\n\n\n<div class=\"wp-block-uagb-container uagb-block-e0c0958c\">\n<figure class=\"wp-block-image size-full is-resized\"><img decoding=\"async\" src=\"https:\/\/digital-partners.co\/wp-content\/uploads\/2024\/12\/bandera_colombia.webp\" alt=\"\" style=\"width:auto;height:50px\"\/><\/figure>\n\n\n\n<figure class=\"wp-block-image size-full is-resized\"><img decoding=\"async\" src=\"https:\/\/digital-partners.co\/wp-content\/uploads\/2024\/12\/LogoFooterSVG.svg\" alt=\"\" style=\"width:auto;height:50px\"\/><\/figure>\n<\/div>\n\n\n\n<p class=\"has-text-align-left has-ast-global-color-2-color has-text-color has-link-color wp-elements-3415d1bd58da39c07ff117b5eb1f1f9f\"><strong>Desarrollamos modelos de negocio innovadores y escalables para seguros de vida digitales, ofreciendo consultor\u00eda especializada en dise\u00f1o y validaci\u00f3n para asegurar la rentabilidad y el \u00e9xito en el mercado.<\/strong>;  creamos un prototipo de producto de software innovador y escalable que permite implementar el modelo de negocio de manera efectiva.<\/p>\n<\/div>\n<\/div><\/div>\n\n\n\n<div id=\"banisi\" class=\"wp-block-uagb-container uagb-block-4c5c11eb alignfull uagb-is-root-container\"><div class=\"uagb-container-inner-blocks-wrap\">\n<div class=\"wp-block-uagb-container uagb-block-2c35b381\">\n<div class=\"wp-block-uagb-advanced-heading uagb-block-f2a0b47f\"><p class=\"uagb-desc-text\"><strong>Outsourcing<\/strong><\/p><h2 class=\"uagb-heading-text\"><strong>BANCO BANISI<\/strong><\/h2><\/div>\n\n\n\n<div class=\"wp-block-uagb-container uagb-block-8bf7efd5\">\n<figure class=\"wp-block-image alignright size-medium is-resized\"><img loading=\"lazy\" decoding=\"async\" width=\"300\" height=\"200\" src=\"https:\/\/digital-partners.co\/wp-content\/uploads\/2024\/12\/bandera_panama-300x200.png\" alt=\"\" class=\"wp-image-827\" style=\"width:auto;height:50px\" srcset=\"https:\/\/digital-partners.co\/wp-content\/uploads\/2024\/12\/bandera_panama-300x200.png 300w, https:\/\/digital-partners.co\/wp-content\/uploads\/2024\/12\/bandera_panama-1024x683.png 1024w, https:\/\/digital-partners.co\/wp-content\/uploads\/2024\/12\/bandera_panama-768x512.png 768w, https:\/\/digital-partners.co\/wp-content\/uploads\/2024\/12\/bandera_panama-18x12.png 18w, https:\/\/digital-partners.co\/wp-content\/uploads\/2024\/12\/bandera_panama.png 1280w\" sizes=\"auto, (max-width: 300px) 100vw, 300px\" \/><\/figure>\n\n\n\n<figure class=\"wp-block-image alignright size-large is-resized\"><img loading=\"lazy\" decoding=\"async\" width=\"936\" height=\"341\" src=\"https:\/\/digital-partners.co\/wp-content\/uploads\/2024\/12\/LOGO_Banisi_Panama-edited.png\" alt=\"\" class=\"wp-image-829\" style=\"width:auto;height:50px\" srcset=\"https:\/\/digital-partners.co\/wp-content\/uploads\/2024\/12\/LOGO_Banisi_Panama-edited.png 936w, https:\/\/digital-partners.co\/wp-content\/uploads\/2024\/12\/LOGO_Banisi_Panama-edited-300x109.png 300w, https:\/\/digital-partners.co\/wp-content\/uploads\/2024\/12\/LOGO_Banisi_Panama-edited-768x280.png 768w, https:\/\/digital-partners.co\/wp-content\/uploads\/2024\/12\/LOGO_Banisi_Panama-edited-18x7.png 18w\" sizes=\"auto, (max-width: 936px) 100vw, 936px\" \/><\/figure>\n<\/div>\n\n\n\n<p class=\"has-text-align-right has-ast-global-color-2-color has-text-color has-link-color wp-elements-fda367ff9482818f23b1cb34a89614ce\"><strong>Double V Partners fue elegido por Banco Banisi Panam\u00e1 para desarrollar su nueva aplicaci\u00f3n bancaria, creando una experiencia de usuario innovadora y segura desde la base. <\/strong>Con un equipo de 12 especialistas trabajando en colaboraci\u00f3n, estamos desarrollando la plataforma de banca virtual integral de Banco Banisi en Panam\u00e1, brindando una experiencia de usuario innovadora y segura.<\/p>\n<\/div>\n\n\n\n<div class=\"wp-block-uagb-container uagb-block-da4810f7\">\n<figure class=\"wp-block-image size-full\"><img decoding=\"async\" src=\"https:\/\/digital-partners.co\/wp-content\/uploads\/2024\/12\/9_bancoGuayaquil.png\" alt=\"\"\/><\/figure>\n<\/div>\n<\/div><\/div>\n\n\n\n<div id=\"union\" class=\"wp-block-uagb-container uagb-block-e5c1a4a4 alignfull uagb-is-root-container\"><div class=\"uagb-container-inner-blocks-wrap\">\n<div class=\"wp-block-uagb-container uagb-block-1de2544f\">\n<figure class=\"wp-block-image size-full\"><img decoding=\"async\" src=\"https:\/\/digital-partners.co\/wp-content\/uploads\/2024\/12\/10_bancoUnion.webp\" alt=\"\"\/><\/figure>\n<\/div>\n\n\n\n<div class=\"wp-block-uagb-container uagb-block-d1d485bd\">\n<div class=\"wp-block-uagb-advanced-heading uagb-block-8c83c858\"><p class=\"uagb-desc-text\"><strong><strong>Consulting<\/strong><\/strong><\/p><h2 class=\"uagb-heading-text\"><strong>BANCO UNI\u00d3N<\/strong><\/h2><\/div>\n\n\n\n<div class=\"wp-block-uagb-container uagb-block-e2d03d97\">\n<figure class=\"wp-block-image size-full is-resized\"><img decoding=\"async\" src=\"https:\/\/digital-partners.co\/wp-content\/uploads\/2024\/12\/bandera_colombia.webp\" alt=\"\" style=\"width:auto;height:50px\"\/><\/figure>\n\n\n\n<figure class=\"wp-block-image size-full is-resized\"><img decoding=\"async\" src=\"https:\/\/digital-partners.co\/wp-content\/uploads\/2024\/12\/BU-logo-desktop-2023.png\" alt=\"\" style=\"width:250px\"\/><\/figure>\n<\/div>\n\n\n\n<p class=\"has-text-align-left has-ast-global-color-2-color has-text-color has-link-color wp-elements-aa6dbc18221b90857cbf4781ed853791\"><strong>Banco Uni\u00f3n, agent of Western Union and formerly Giros y Finanzas, <\/strong>este banco, con una experiencia de m\u00e1s de 25 a\u00f1os, se ha consolidado como un aliado financiero de confianza para la comunidad colombiana en el exterior y sus familias en el pa\u00eds.<br>Nuestro equipo dise\u00f1\u00f3 el plan estrat\u00e9gico de productividad tecnol\u00f3gica para el per\u00edodo 2024-2027, impulsando la eficiencia y la innovaci\u00f3n.<\/p>\n<\/div>\n<\/div><\/div>\n\n\n\n<div id=\"vilaseca\" class=\"wp-block-uagb-container uagb-block-b01683a6 alignfull uagb-is-root-container\"><div class=\"uagb-container-inner-blocks-wrap\">\n<div class=\"wp-block-uagb-container uagb-block-6b736dfd\">\n<div class=\"wp-block-uagb-advanced-heading uagb-block-7b4cd0f4\"><p class=\"uagb-desc-text\"><strong>Consulting<\/strong><\/p><h2 class=\"uagb-heading-text\"><strong>vilaseca<\/strong> alta charcuteria<\/h2><\/div>\n\n\n\n<div class=\"wp-block-uagb-container uagb-block-9ce8daa2\">\n<figure class=\"wp-block-image alignright size-full is-resized\"><img loading=\"lazy\" decoding=\"async\" width=\"171\" height=\"128\" src=\"https:\/\/digital-partners.co\/wp-content\/uploads\/2024\/12\/bandera_colombia.webp\" alt=\"\" class=\"wp-image-821\" style=\"width:auto;height:50px\" srcset=\"https:\/\/digital-partners.co\/wp-content\/uploads\/2024\/12\/bandera_colombia.webp 171w, https:\/\/digital-partners.co\/wp-content\/uploads\/2024\/12\/bandera_colombia-16x12.webp 16w\" sizes=\"auto, (max-width: 171px) 100vw, 171px\" \/><\/figure>\n\n\n\n<figure class=\"wp-block-image alignright size-full is-resized\"><img loading=\"lazy\" decoding=\"async\" width=\"612\" height=\"408\" src=\"https:\/\/digital-partners.co\/wp-content\/uploads\/2024\/12\/vilaseca-edited.webp\" alt=\"\" class=\"wp-image-838\" style=\"object-fit:cover;width:98px;height:53px\" srcset=\"https:\/\/digital-partners.co\/wp-content\/uploads\/2024\/12\/vilaseca-edited.webp 612w, https:\/\/digital-partners.co\/wp-content\/uploads\/2024\/12\/vilaseca-edited-300x200.webp 300w, https:\/\/digital-partners.co\/wp-content\/uploads\/2024\/12\/vilaseca-edited-18x12.webp 18w\" sizes=\"auto, (max-width: 612px) 100vw, 612px\" \/><\/figure>\n<\/div>\n\n\n\n<p class=\"has-text-align-right has-ast-global-color-2-color has-text-color has-link-color wp-elements-e523caeb166ae6c45dec443d0dcb599f\">Empresa colombiana integrada por un equipo de profesionales experimentados, donde cada etapa del proceso es una celebraci\u00f3n que combina t\u00e9cnicas tradicionales, artesanales para crear una experiencia gastron\u00f3mica extraordinaria.<br>The pragmatic-odoo project included design, implementation and launch ERP with key achievements for profitability ecosystem 2024 &#8211; 2025.<\/p>\n<\/div>\n\n\n\n<div class=\"wp-block-uagb-container uagb-block-796d1988\">\n<figure class=\"wp-block-image size-full\"><img decoding=\"async\" src=\"https:\/\/digital-partners.co\/wp-content\/uploads\/2024\/12\/11_vilaseca.png\" alt=\"\"\/><\/figure>\n<\/div>\n<\/div><\/div>\n\n\n\n<div id=\"sts\" class=\"wp-block-uagb-container uagb-block-4f5a0fd5 alignfull uagb-is-root-container\"><div class=\"uagb-container-inner-blocks-wrap\">\n<div class=\"wp-block-uagb-container uagb-block-dfda790b\">\n<figure class=\"wp-block-image size-full\"><img decoding=\"async\" src=\"https:\/\/digital-partners.co\/wp-content\/uploads\/2024\/12\/12_sts.png\" alt=\"\"\/><\/figure>\n<\/div>\n\n\n\n<div class=\"wp-block-uagb-container uagb-block-2cf5a449\">\n<div class=\"wp-block-uagb-advanced-heading uagb-block-7ada3670\"><p class=\"uagb-desc-text\"><strong><strong>Consulting<\/strong><\/strong><\/p><h2 class=\"uagb-heading-text\"><strong>s.t.s. s.a.s.<\/strong> <\/h2><\/div>\n\n\n\n<div class=\"wp-block-uagb-container uagb-block-cf76f59d\">\n<figure class=\"wp-block-image size-full is-resized\"><img decoding=\"async\" src=\"https:\/\/digital-partners.co\/wp-content\/uploads\/2024\/12\/bandera_colombia.webp\" alt=\"\" style=\"width:auto;height:50px\"\/><\/figure>\n\n\n\n<div class=\"wp-block-uagb-image alignleft uagb-block-3c5cf91e wp-block-uagb-image--layout-default wp-block-uagb-image--effect-static wp-block-uagb-image--align-left\"><figure class=\"wp-block-uagb-image__figure\"><img decoding=\"async\" srcset=\"https:\/\/digital-partners.co\/wp-content\/uploads\/2024\/12\/12_logo_sts.svg ,https:\/\/digital-partners.co\/wp-content\/uploads\/2024\/12\/12_logo_sts.svg 780w, https:\/\/digital-partners.co\/wp-content\/uploads\/2024\/12\/12_logo_sts.svg 360w\" sizes=\"auto, (max-width: 480px) 150px\" src=\"https:\/\/digital-partners.co\/wp-content\/uploads\/2024\/12\/12_logo_sts.svg\" alt=\"\" class=\"uag-image-637\" width=\"300\" height=\"97\" title=\"12_logo_sts\" loading=\"lazy\" role=\"img\"\/><\/figure><\/div>\n<\/div>\n\n\n\n<p class=\"has-text-align-left has-ast-global-color-2-color has-text-color has-link-color wp-elements-8e66b7920f08fe1db103a0279ecfacb2\">Empresa colombiana conformada por un equipo de profesionales experimentados con amplia trayectoria y un historial comprobado en el mercado tecnol\u00f3gico<br>Creemos que cada interacci\u00f3n con el cliente es una oportunidad para generar confianza y fomentar relaciones a largo plazo. Continuamos brindando apoyo a nuestros clientes a trav\u00e9s de una variedad de servicios, incluyendo soporte dedicado, actualizaciones y soluciones personalizadas, garantizando que sus necesidades sean siempre satisfechas y superadas<br>El proyecto Odoo-Pragmatic incluy\u00f3 el dise\u00f1o, implementaci\u00f3n y lanzamiento de un ERP con logros clave para el ecosistema de rentabilidad en 2022<\/p>\n<\/div>\n<\/div><\/div>\n\n\n\n<div id=\"quiality\" class=\"wp-block-uagb-container uagb-block-1bc89934 alignfull uagb-is-root-container\"><div class=\"uagb-container-inner-blocks-wrap\">\n<div class=\"wp-block-uagb-container uagb-block-0ba906d7\">\n<div class=\"wp-block-uagb-advanced-heading uagb-block-d3c0760c\"><p class=\"uagb-desc-text\"><strong>Consulting<\/strong><\/p><h2 class=\"uagb-heading-text\">quality group services<\/h2><\/div>\n\n\n\n<div class=\"wp-block-uagb-container uagb-block-7986a550\">\n<figure class=\"wp-block-image alignright size-full is-resized\"><img loading=\"lazy\" decoding=\"async\" width=\"171\" height=\"128\" src=\"https:\/\/digital-partners.co\/wp-content\/uploads\/2024\/12\/bandera_colombia.webp\" alt=\"\" class=\"wp-image-821\" style=\"width:auto;height:50px\" srcset=\"https:\/\/digital-partners.co\/wp-content\/uploads\/2024\/12\/bandera_colombia.webp 171w, https:\/\/digital-partners.co\/wp-content\/uploads\/2024\/12\/bandera_colombia-16x12.webp 16w\" sizes=\"auto, (max-width: 171px) 100vw, 171px\" \/><\/figure>\n\n\n\n<figure class=\"wp-block-image alignright size-full is-resized\"><img loading=\"lazy\" decoding=\"async\" width=\"267\" height=\"120\" src=\"https:\/\/digital-partners.co\/wp-content\/uploads\/2024\/12\/13_logo_quality.png\" alt=\"\" class=\"wp-image-639\" style=\"object-fit:cover;width:150px;height:53px\" srcset=\"https:\/\/digital-partners.co\/wp-content\/uploads\/2024\/12\/13_logo_quality.png 267w, https:\/\/digital-partners.co\/wp-content\/uploads\/2024\/12\/13_logo_quality-18x8.png 18w\" sizes=\"auto, (max-width: 267px) 100vw, 267px\" \/><\/figure>\n<\/div>\n\n\n\n<p class=\"has-text-align-right has-ast-global-color-2-color has-text-color has-link-color wp-elements-93b4c4609e2b276ea97546668eb0796f\">Quality Group Service es una empresa colombiana con 25 a\u00f1os de experiencia en la industria, especializada en la prestaci\u00f3n de servicios de outsourcing excepcionales en impresi\u00f3n y tecnolog\u00eda, venta de equipos, soluciones inform\u00e1ticas, c\u00e1maras biom\u00e9tricas, servicios de mantenimiento y suministro de repuestos y consumibles, atendiendo las diversas necesidades de nuestra clientela a nivel nacional<br>El proyecto Odoo-Pragmatic incluy\u00f3 el dise\u00f1o, implementaci\u00f3n y lanzamiento de un ERP con logros clave para el ecosistema de rentabilidad en 2022<\/p>\n<\/div>\n\n\n\n<div class=\"wp-block-uagb-container uagb-block-e41d6c54\">\n<figure class=\"wp-block-image size-full\"><img decoding=\"async\" src=\"https:\/\/digital-partners.co\/wp-content\/uploads\/2024\/12\/13_quality.png\" alt=\"\"\/><\/figure>\n<\/div>\n<\/div><\/div>\n\n\n\n<div class=\"wp-block-uagb-container uagb-block-fcee9548 alignfull uagb-is-root-container\"><div class=\"uagb-container__shape uagb-container__shape-bottom uagb-container__invert\" data-negative=\"false\"><svg xmlns=\"https:\/\/www.w3.org\/2000\/svg\" viewbox=\"0 0 283.5 19.6\" preserveaspectratio=\"none\"><path class=\"uagb-container__shape-fill\" opacity=\"0.33\" d=\"M0 0L0 18.8 141.8 4.1 283.5 18.8 283.5 0z\"><\/path><path class=\"uagb-container__shape-fill\" opacity=\"0.33\" d=\"M0 0L0 12.6 141.8 4 283.5 12.6 283.5 0z\"><\/path><path class=\"uagb-container__shape-fill\" opacity=\"0.33\" d=\"M0 0L0 6.4 141.8 4 283.5 6.4 283.5 0z\"><\/path><path class=\"uagb-container__shape-fill\" d=\"M0 0L0 1.2 141.8 4 283.5 1.2 283.5 0z\"><\/path><\/svg><\/div><div class=\"uagb-container-inner-blocks-wrap\">\n<div style=\"height:100px\" aria-hidden=\"true\" class=\"wp-block-spacer\"><\/div>\n<\/div><\/div>\n\n\n\n<p><\/p>","protected":false},"excerpt":{"rendered":"<p>Experience Outsourcing Willis Towers Watson SInce 2021, Willis Towers Watson has trusted Double V Partners. Today, we have a multidisciplinary team of over 40 people working side by side with Willis Towers Watson in Colombia, Panama, Mexico, and other Central American countries. Consulting positiva Consulting focused on designing and validating a profitable, innovative, and scalable [&hellip;]<\/p>","protected":false},"author":1,"featured_media":0,"parent":0,"menu_order":0,"comment_status":"closed","ping_status":"closed","template":"","meta":{"_uag_custom_page_level_css":"","site-sidebar-layout":"default","site-content-layout":"","ast-site-content-layout":"default","site-content-style":"default","site-sidebar-style":"default","ast-global-header-display":"","ast-banner-title-visibility":"","ast-main-header-display":"","ast-hfb-above-header-display":"","ast-hfb-below-header-display":"","ast-hfb-mobile-header-display":"","site-post-title":"disabled","ast-breadcrumbs-content":"","ast-featured-img":"","footer-sml-layout":"","ast-disable-related-posts":"","theme-transparent-header-meta":"","adv-header-id-meta":"","stick-header-meta":"","header-above-stick-meta":"","header-main-stick-meta":"","header-below-stick-meta":"","astra-migrate-meta-layouts":"set","ast-page-background-enabled":"default","ast-page-background-meta":{"desktop":{"background-color":"var(--ast-global-color-4)","background-image":"","background-repeat":"repeat","background-position":"center center","background-size":"auto","background-attachment":"scroll","background-type":"","background-media":"","overlay-type":"","overlay-color":"","overlay-opacity":"","overlay-gradient":""},"tablet":{"background-color":"","background-image":"","background-repeat":"repeat","background-position":"center center","background-size":"auto","background-attachment":"scroll","background-type":"","background-media":"","overlay-type":"","overlay-color":"","overlay-opacity":"","overlay-gradient":""},"mobile":{"background-color":"","background-image":"","background-repeat":"repeat","background-position":"center center","background-size":"auto","background-attachment":"scroll","background-type":"","background-media":"","overlay-type":"","overlay-color":"","overlay-opacity":"","overlay-gradient":""}},"ast-content-background-meta":{"desktop":{"background-color":"var(--ast-global-color-5)","background-image":"","background-repeat":"repeat","background-position":"center center","background-size":"auto","background-attachment":"scroll","background-type":"","background-media":"","overlay-type":"","overlay-color":"","overlay-opacity":"","overlay-gradient":""},"tablet":{"background-color":"var(--ast-global-color-5)","background-image":"","background-repeat":"repeat","background-position":"center center","background-size":"auto","background-attachment":"scroll","background-type":"","background-media":"","overlay-type":"","overlay-color":"","overlay-opacity":"","overlay-gradient":""},"mobile":{"background-color":"var(--ast-global-color-5)","background-image":"","background-repeat":"repeat","background-position":"center center","background-size":"auto","background-attachment":"scroll","background-type":"","background-media":"","overlay-type":"","overlay-color":"","overlay-opacity":"","overlay-gradient":""}},"footnotes":""},"class_list":["post-657","page","type-page","status-publish","hentry"],"aioseo_notices":[],"uagb_featured_image_src":{"full":false,"thumbnail":false,"medium":false,"medium_large":false,"large":false,"1536x1536":false,"2048x2048":false,"trp-custom-language-flag":false},"uagb_author_info":{"display_name":"gordoneznokia@gmail.com","author_link":"https:\/\/digital-partners.co\/es\/author\/gordoneznokiagmail-com\/"},"uagb_comment_info":0,"uagb_excerpt":"Experience Outsourcing Willis Towers Watson SInce 2021, Willis Towers Watson has trusted Double V Partners. Today, we have a multidisciplinary team of over 40 people working side by side with Willis Towers Watson in Colombia, Panama, Mexico, and other Central American countries. Consulting positiva Consulting focused on designing and validating a profitable, innovative, and scalable&hellip;","_links":{"self":[{"href":"https:\/\/digital-partners.co\/es\/wp-json\/wp\/v2\/pages\/657","targetHints":{"allow":["GET"]}}],"collection":[{"href":"https:\/\/digital-partners.co\/es\/wp-json\/wp\/v2\/pages"}],"about":[{"href":"https:\/\/digital-partners.co\/es\/wp-json\/wp\/v2\/types\/page"}],"author":[{"embeddable":true,"href":"https:\/\/digital-partners.co\/es\/wp-json\/wp\/v2\/users\/1"}],"replies":[{"embeddable":true,"href":"https:\/\/digital-partners.co\/es\/wp-json\/wp\/v2\/comments?post=657"}],"version-history":[{"count":24,"href":"https:\/\/digital-partners.co\/es\/wp-json\/wp\/v2\/pages\/657\/revisions"}],"predecessor-version":[{"id":1036,"href":"https:\/\/digital-partners.co\/es\/wp-json\/wp\/v2\/pages\/657\/revisions\/1036"}],"wp:attachment":[{"href":"https:\/\/digital-partners.co\/es\/wp-json\/wp\/v2\/media?parent=657"}],"curies":[{"name":"wp","href":"https:\/\/api.w.org\/{rel}","templated":true}]}}