{"id":663,"date":"2024-12-11T16:42:09","date_gmt":"2024-12-11T16:42:09","guid":{"rendered":"https:\/\/digital-partners.co\/?page_id=663"},"modified":"2025-05-07T19:01:04","modified_gmt":"2025-05-07T19:01:04","slug":"services","status":"publish","type":"page","link":"https:\/\/digital-partners.co\/es\/services\/","title":{"rendered":"SERVICIOS"},"content":{"rendered":"<div id=\"page-title\" class=\"wp-block-uagb-container uagb-block-b98cd2b1 alignfull uagb-is-root-container\"><div class=\"uagb-container__shape uagb-container__shape-bottom uagb-container__invert\" data-negative=\"false\"><svg xmlns=\"https:\/\/www.w3.org\/2000\/svg\" viewbox=\"0 0 2600 131.1\" preserveaspectratio=\"none\"><path class=\"uagb-container__shape-fill\" d=\"M0 0L2600 0 2600 69.1 0 0z\"><\/path><path class=\"uagb-container__shape-fill\" opacity=\"0.5\" d=\"M0 0L2600 0 2600 69.1 0 69.1z\"><\/path><path class=\"uagb-container__shape-fill\" opacity=\"0.25\" d=\"M2600 0L0 0 0 130.1 2600 69.1z\"><\/path><\/svg><\/div><div class=\"uagb-container-inner-blocks-wrap\">\n<div class=\"wp-block-uagb-advanced-heading uagb-block-b7c32354\"><h1 class=\"uagb-heading-text\">SERVICIOS<\/h1><\/div>\n<\/div><\/div>\n\n\n\n<div id=\"ict-strategy\" class=\"wp-block-uagb-container uagb-block-3bf40556 alignfull uagb-is-root-container\"><div class=\"uagb-container-inner-blocks-wrap\">\n<div class=\"wp-block-uagb-container uagb-block-1422c64f\">\n<div class=\"wp-block-uagb-image uagb-block-3a1a96b5 wp-block-uagb-image--layout-default wp-block-uagb-image--effect-static wp-block-uagb-image--align-none\"><figure class=\"wp-block-uagb-image__figure\"><img decoding=\"async\" srcset=\"https:\/\/digital-partners.co\/wp-content\/uploads\/2024\/12\/4_bocina2.png ,https:\/\/digital-partners.co\/wp-content\/uploads\/2024\/12\/4_bocina2.png 780w, https:\/\/digital-partners.co\/wp-content\/uploads\/2024\/12\/4_bocina2.png 360w\" sizes=\"auto, (max-width: 480px) 150px\" src=\"https:\/\/digital-partners.co\/wp-content\/uploads\/2024\/12\/4_bocina2.png\" alt=\"\" class=\"uag-image-681\" width=\"209\" height=\"209\" title=\"4_bocina2\" loading=\"lazy\" role=\"img\"\/><\/figure><\/div>\n\n\n\n<div class=\"wp-block-uagb-advanced-heading uagb-block-2040da06\"><h2 class=\"uagb-heading-text\">CONSULTORIA EN ESTRATEGIA DE INGENIER\u00cdA &amp; TECNOLOG\u00cdA<\/h2><\/div>\n\n\n\n<p class=\"has-text-align-center has-ast-global-color-2-color has-text-color has-link-color wp-elements-434a79241c791e0b2bd1615d2395d28e\">Alineamos la tecnolog\u00eda con su visi\u00f3n empresarial, desarrollando estrategias personalizadas que impulsan el crecimiento, la innovaci\u00f3n y la eficiencia en su negocio.<\/p>\n\n\n\n<p class=\"has-text-align-center has-ast-global-color-2-color has-text-color has-link-color wp-elements-50b4f4fc6e0ffee75ed5292510343288\">Entregable soluci\u00f3n MVP integrada que optimiza procesos, mejora experiencias del cliente e impulsa el crecimiento empresarial.<\/p>\n<\/div>\n\n\n\n<div class=\"wp-block-uagb-container uagb-block-b07e33bd\">\n<ul class=\"wp-block-list\">\n<li><strong>Servicio personal especializado: <\/strong>Esto es para expertos de alto nivel que cubran roles temporales altamente especializados en dise\u00f1o, ingenier\u00eda, operaciones, ventas, etc., as\u00ed como puestos ejecutivos<\/li>\n\n\n\n<li><strong>Dise\u00f1o y optimizaci\u00f3n de redes y procesos operativos:<\/strong> Este servicio est\u00e1 enfocado en la planificaci\u00f3n, dise\u00f1o y optimizaci\u00f3n de los componentes de redes fijas y m\u00f3viles, con el objetivo de lograr mejoras continuas y una optimizaci\u00f3n de la red centrada en procesos sostenibles y rentables para las empresas<\/li>\n\n\n\n<li><strong>Modelamiento financiero: <\/strong>Realizado para alinear la implementaci\u00f3n de redes fijas y m\u00f3viles, la modelaci\u00f3n financiera de servicios respalda el dise\u00f1o de productos y soluciones<\/li>\n\n\n\n<li><strong>Consultoria en arquitectura IT: <\/strong>Este servicio est\u00e1 orientado en ayudar a las empresas a organizar sus componentes y sistemas de tecnolog\u00eda de la informaci\u00f3n (TI) en un entorno de evoluci\u00f3n acelerada y aumento incremental de las capacidades requeridas por el mercado<\/li>\n\n\n\n<li><strong>Despliegue de red:<\/strong> Tenemos la capacidad de ofrecer servicios de personal calificado y certificado para la implementaci\u00f3n de elementos de redes de telecomunicaciones, con un alto est\u00e1ndar de calidad y adaptabilidad a los requisitos de los proveedores y empresas que requieren el servicio<\/li>\n<\/ul>\n<\/div>\n<\/div><\/div>\n\n\n\n<div id=\"cloud-solutions\" class=\"wp-block-uagb-container uagb-block-98ab9fef alignfull uagb-is-root-container\"><div class=\"uagb-container__shape uagb-container__shape-top\"><svg xmlns=\"https:\/\/www.w3.org\/2000\/svg\" viewbox=\"0 0 2600 131.1\" preserveaspectratio=\"none\"><path class=\"uagb-container__shape-fill\" d=\"M0 0L2600 0 2600 69.1 0 0z\"><\/path><path class=\"uagb-container__shape-fill\" opacity=\"0.5\" d=\"M0 0L2600 0 2600 69.1 0 69.1z\"><\/path><path class=\"uagb-container__shape-fill\" opacity=\"0.25\" d=\"M2600 0L0 0 0 130.1 2600 69.1z\"><\/path><\/svg><\/div><div class=\"uagb-container__shape uagb-container__shape-bottom uagb-container__invert\" data-negative=\"false\"><svg xmlns=\"https:\/\/www.w3.org\/2000\/svg\" viewbox=\"0 0 2600 131.1\" preserveaspectratio=\"none\"><path class=\"uagb-container__shape-fill\" d=\"M0 0L2600 0 2600 69.1 0 0z\"><\/path><path class=\"uagb-container__shape-fill\" opacity=\"0.5\" d=\"M0 0L2600 0 2600 69.1 0 69.1z\"><\/path><path class=\"uagb-container__shape-fill\" opacity=\"0.25\" d=\"M2600 0L0 0 0 130.1 2600 69.1z\"><\/path><\/svg><\/div><div class=\"uagb-container-inner-blocks-wrap\">\n<div class=\"wp-block-uagb-container uagb-block-ea41ed66\">\n<ul class=\"wp-block-list has-ast-global-color-5-color has-text-color has-link-color wp-elements-6ebc91020981842a55811bba95186bd0\">\n<li><strong>Estrategia y Planificaci\u00f3n en la Nube: <\/strong>Este servicio ayuda a las empresas a dise\u00f1ar e implementar una estrategia efectiva en la nube adaptada a sus objetivos y metas espec\u00edficas. Incluye la evaluaci\u00f3n del entorno de TI actual, la definici\u00f3n de objetivos de adopci\u00f3n de la nube y la creaci\u00f3n de una hoja de ruta para su implementaci\u00f3n<br><\/li>\n\n\n\n<li><strong>Servicios de Migraci\u00f3n a la Nube: <\/strong>Estos servicios ayudan a las organizaciones a trasladar sus aplicaciones, datos y cargas de trabajo existentes a la nube. Esto incluye la planificaci\u00f3n de la migraci\u00f3n, la ejecuci\u00f3n de la transferencia y la garant\u00eda de una interrupci\u00f3n m\u00ednima en las operaciones comerciales<br><\/li>\n\n\n\n<li><strong>Optimizaci\u00f3n y Gesti\u00f3n de la Nube: <\/strong>Corresponde con la gesti\u00f3n y optimizaci\u00f3n continua de los recursos en la nube para garantizar su uso eficiente y rentable. Incluye el monitoreo del rendimiento, la gesti\u00f3n de costos y la implementaci\u00f3n de las mejores pr\u00e1cticas para las operaciones en la nube<br><\/li>\n\n\n\n<li><strong>Modernizaci\u00f3n y Desarrollo de Aplicaciones: <\/strong>Este servicio se centra en la actualizaci\u00f3n y desarrollo de aplicaciones para aprovechar tecnolog\u00edas nativas de la nube. Incluye consultor\u00eda para la reestructuraci\u00f3n de aplicaciones heredadas, orientaci\u00f3n en el desarrollo de nuevas aplicaciones basadas en la nube y su integraci\u00f3n con los sistemas existentes<\/li>\n<\/ul>\n<\/div>\n\n\n\n<div class=\"wp-block-uagb-container uagb-block-bdec883d\">\n<div class=\"wp-block-uagb-image uagb-block-f2a3db2f wp-block-uagb-image--layout-default wp-block-uagb-image--effect-static wp-block-uagb-image--align-none\"><figure class=\"wp-block-uagb-image__figure\"><img decoding=\"async\" srcset=\"https:\/\/digital-partners.co\/wp-content\/uploads\/2024\/12\/Digital-.png ,https:\/\/digital-partners.co\/wp-content\/uploads\/2024\/12\/Digital-.png 780w, https:\/\/digital-partners.co\/wp-content\/uploads\/2024\/12\/Digital-.png 360w\" sizes=\"auto, (max-width: 480px) 150px\" src=\"https:\/\/digital-partners.co\/wp-content\/uploads\/2024\/12\/Digital-.png\" alt=\"\" class=\"uag-image-774\" width=\"209\" height=\"209\" title=\"Digital\" loading=\"lazy\" role=\"img\"\/><\/figure><\/div>\n\n\n\n<div class=\"wp-block-uagb-advanced-heading uagb-block-44529042\"><h2 class=\"uagb-heading-text\">SOLUCIONES E INFRAESTRUCTURA EN LA NUBE<\/h2><\/div>\n\n\n\n<p class=\"has-text-align-center has-ast-global-color-6-color has-text-color has-link-color wp-elements-77602675ace2b9b744a3da7cc1f15558\">Ofrecemos servicios de migraci\u00f3n a la nube, gesti\u00f3n de ecosistemas digitales y optimizaci\u00f3n para operaciones escalables y seguras, infraestructura de telecomunicaciones y servicios gestionados.<\/p>\n\n\n\n<p class=\"has-text-align-center has-ast-global-color-6-color has-text-color has-link-color wp-elements-bd50052e0a14bccfe1d3498c9bd27589\">El entregable consiste en el desarrollo y ejecuci\u00f3n de soluciones que transforman su negocio en una empresa m\u00e1s competitiva, innovadora y sostenible. Actualizamos, integramos y migramos arquitecturas a la nube, asegurando un m\u00e1ximo rendimiento, disponibilidad y flexibilidad.<\/p>\n<\/div>\n<\/div><\/div>\n\n\n\n<div id=\"data-analytics\" class=\"wp-block-uagb-container uagb-block-31509ac1 alignfull uagb-is-root-container\"><div class=\"uagb-container-inner-blocks-wrap\">\n<div class=\"wp-block-uagb-container uagb-block-7550ec02\">\n<div class=\"wp-block-uagb-image uagb-block-1e1ad9a0 wp-block-uagb-image--layout-default wp-block-uagb-image--effect-static wp-block-uagb-image--align-none\"><figure class=\"wp-block-uagb-image__figure\"><img decoding=\"async\" srcset=\"https:\/\/digital-partners.co\/wp-content\/uploads\/2024\/12\/4_engrane2.png ,https:\/\/digital-partners.co\/wp-content\/uploads\/2024\/12\/4_engrane2.png 780w, https:\/\/digital-partners.co\/wp-content\/uploads\/2024\/12\/4_engrane2.png 360w\" sizes=\"auto, (max-width: 480px) 150px\" src=\"https:\/\/digital-partners.co\/wp-content\/uploads\/2024\/12\/4_engrane2.png\" alt=\"\" class=\"uag-image-679\" width=\"209\" height=\"209\" title=\"4_engrane2\" loading=\"lazy\" role=\"img\"\/><\/figure><\/div>\n\n\n\n<div class=\"wp-block-uagb-advanced-heading uagb-block-0adff053\"><h2 class=\"uagb-heading-text\">ANALISIS DE DATOS E INTELIGENCIA ARTIFICIAL<\/h2><\/div>\n\n\n\n<p class=\"has-text-align-center has-ast-global-color-2-color has-text-color has-link-color wp-elements-8936b786c39695ca9182bb120f18d099\">Realizamos la toma de decisiones informadas con an\u00e1lisis avanzados e inteligencia artificial, proporcionando datos empresariales precisos y oportunos.<\/p>\n\n\n\n<p class=\"has-text-align-center has-ast-global-color-2-color has-text-color has-link-color wp-elements-f79c9aa6fb5177e0156202eea1ee57b6\">Nuestros servicios de miner\u00eda de datos incluyen modelos de aprendizaje autom\u00e1tico, IA, recomendaciones personalizadas y an\u00e1lisis de datos para impulsar decisiones informadas y el \u00e9xito empresarial.<\/p>\n<\/div>\n\n\n\n<div class=\"wp-block-uagb-container uagb-block-9eac46cc\">\n<ul class=\"wp-block-list\">\n<li><strong>Analitica predictiva: <\/strong>Este servicio utiliza algoritmos estad\u00edsticos y t\u00e9cnicas de aprendizaje autom\u00e1tico para prever resultados futuros basados en datos hist\u00f3ricos. Ayuda a las empresas a anticipar tendencias, comprender el comportamiento de los clientes y tomar decisiones informadas<br><\/li>\n\n\n\n<li><strong>Inteligencia de Negocios (BI) y Visualizaci\u00f3n de Datos: <\/strong>Estos servicios utilizan diversas herramientas para permitir la visualizaci\u00f3n de datos a trav\u00e9s de paneles interactivos e informes. Esto facilita la interpretaci\u00f3n de datos complejos y la obtenci\u00f3n de informaci\u00f3n procesable<br><\/li>\n\n\n\n<li><strong>Soluciones de Inteligencia Artificial y Aprendizaje Autom\u00e1tico: <\/strong>Estos servicios incluyen modelos de inteligencia artificial preentrenados, entrenamiento de modelos personalizados y servicios de implementaci\u00f3n que ayudan a las empresas a automatizar procesos, mejorar la experiencia del cliente y optimizar la eficiencia operativa<br><\/li>\n\n\n\n<li><strong>Gesti\u00f3n e Integraci\u00f3n de Datos: <\/strong>Corresponde a servicios de almacenamiento de datos, integraci\u00f3n de datos y gobernanza de datos para garantizar que la informaci\u00f3n sea precisa, coherente y accesible en toda la organizaci\u00f3n, facilitando una mejor toma de decisiones<\/li>\n<\/ul>\n<\/div>\n<\/div><\/div>\n\n\n\n<div class=\"wp-block-uagb-container uagb-block-7b2f21ec alignfull uagb-is-root-container\"><div class=\"uagb-container__shape uagb-container__shape-bottom uagb-container__invert\" data-negative=\"false\"><svg xmlns=\"https:\/\/www.w3.org\/2000\/svg\" viewbox=\"0 0 283.5 19.6\" preserveaspectratio=\"none\"><path class=\"uagb-container__shape-fill\" opacity=\"0.33\" d=\"M0 0L0 18.8 141.8 4.1 283.5 18.8 283.5 0z\"><\/path><path class=\"uagb-container__shape-fill\" opacity=\"0.33\" d=\"M0 0L0 12.6 141.8 4 283.5 12.6 283.5 0z\"><\/path><path class=\"uagb-container__shape-fill\" opacity=\"0.33\" d=\"M0 0L0 6.4 141.8 4 283.5 6.4 283.5 0z\"><\/path><path class=\"uagb-container__shape-fill\" d=\"M0 0L0 1.2 141.8 4 283.5 1.2 283.5 0z\"><\/path><\/svg><\/div><div class=\"uagb-container-inner-blocks-wrap\">\n<div style=\"height:100px\" aria-hidden=\"true\" class=\"wp-block-spacer\"><\/div>\n<\/div><\/div>","protected":false},"excerpt":{"rendered":"<p>Services ICT Strategy &amp; Consulting Developing customized strategies that align technology investments with business goals. Deliverable integrated MVP solution, streamlines processes, enhances customer experiences, and drives business growth. Cloud Solutions &amp; Infrastructure Offering cloud migration, digital ecosystem management, and optimization services for scalable, secure operations, telecom infrastructure, managed services Our deliverable is a comprehensive solution [&hellip;]<\/p>","protected":false},"author":1,"featured_media":0,"parent":0,"menu_order":0,"comment_status":"closed","ping_status":"closed","template":"","meta":{"_uag_custom_page_level_css":"","site-sidebar-layout":"default","site-content-layout":"","ast-site-content-layout":"default","site-content-style":"default","site-sidebar-style":"default","ast-global-header-display":"","ast-banner-title-visibility":"","ast-main-header-display":"","ast-hfb-above-header-display":"","ast-hfb-below-header-display":"","ast-hfb-mobile-header-display":"","site-post-title":"disabled","ast-breadcrumbs-content":"","ast-featured-img":"","footer-sml-layout":"","ast-disable-related-posts":"","theme-transparent-header-meta":"","adv-header-id-meta":"","stick-header-meta":"","header-above-stick-meta":"","header-main-stick-meta":"","header-below-stick-meta":"","astra-migrate-meta-layouts":"set","ast-page-background-enabled":"default","ast-page-background-meta":{"desktop":{"background-color":"var(--ast-global-color-4)","background-image":"","background-repeat":"repeat","background-position":"center center","background-size":"auto","background-attachment":"scroll","background-type":"","background-media":"","overlay-type":"","overlay-color":"","overlay-opacity":"","overlay-gradient":""},"tablet":{"background-color":"","background-image":"","background-repeat":"repeat","background-position":"center center","background-size":"auto","background-attachment":"scroll","background-type":"","background-media":"","overlay-type":"","overlay-color":"","overlay-opacity":"","overlay-gradient":""},"mobile":{"background-color":"","background-image":"","background-repeat":"repeat","background-position":"center center","background-size":"auto","background-attachment":"scroll","background-type":"","background-media":"","overlay-type":"","overlay-color":"","overlay-opacity":"","overlay-gradient":""}},"ast-content-background-meta":{"desktop":{"background-color":"var(--ast-global-color-5)","background-image":"","background-repeat":"repeat","background-position":"center center","background-size":"auto","background-attachment":"scroll","background-type":"","background-media":"","overlay-type":"","overlay-color":"","overlay-opacity":"","overlay-gradient":""},"tablet":{"background-color":"var(--ast-global-color-5)","background-image":"","background-repeat":"repeat","background-position":"center center","background-size":"auto","background-attachment":"scroll","background-type":"","background-media":"","overlay-type":"","overlay-color":"","overlay-opacity":"","overlay-gradient":""},"mobile":{"background-color":"var(--ast-global-color-5)","background-image":"","background-repeat":"repeat","background-position":"center center","background-size":"auto","background-attachment":"scroll","background-type":"","background-media":"","overlay-type":"","overlay-color":"","overlay-opacity":"","overlay-gradient":""}},"footnotes":""},"class_list":["post-663","page","type-page","status-publish","hentry"],"aioseo_notices":[],"uagb_featured_image_src":{"full":false,"thumbnail":false,"medium":false,"medium_large":false,"large":false,"1536x1536":false,"2048x2048":false,"trp-custom-language-flag":false},"uagb_author_info":{"display_name":"gordoneznokia@gmail.com","author_link":"https:\/\/digital-partners.co\/es\/author\/gordoneznokiagmail-com\/"},"uagb_comment_info":0,"uagb_excerpt":"Services ICT Strategy &amp; Consulting Developing customized strategies that align technology investments with business goals. Deliverable integrated MVP solution, streamlines processes, enhances customer experiences, and drives business growth. Cloud Solutions &amp; Infrastructure Offering cloud migration, digital ecosystem management, and optimization services for scalable, secure operations, telecom infrastructure, managed services Our deliverable is a comprehensive solution&hellip;","_links":{"self":[{"href":"https:\/\/digital-partners.co\/es\/wp-json\/wp\/v2\/pages\/663","targetHints":{"allow":["GET"]}}],"collection":[{"href":"https:\/\/digital-partners.co\/es\/wp-json\/wp\/v2\/pages"}],"about":[{"href":"https:\/\/digital-partners.co\/es\/wp-json\/wp\/v2\/types\/page"}],"author":[{"embeddable":true,"href":"https:\/\/digital-partners.co\/es\/wp-json\/wp\/v2\/users\/1"}],"replies":[{"embeddable":true,"href":"https:\/\/digital-partners.co\/es\/wp-json\/wp\/v2\/comments?post=663"}],"version-history":[{"count":29,"href":"https:\/\/digital-partners.co\/es\/wp-json\/wp\/v2\/pages\/663\/revisions"}],"predecessor-version":[{"id":1034,"href":"https:\/\/digital-partners.co\/es\/wp-json\/wp\/v2\/pages\/663\/revisions\/1034"}],"wp:attachment":[{"href":"https:\/\/digital-partners.co\/es\/wp-json\/wp\/v2\/media?parent=663"}],"curies":[{"name":"wp","href":"https:\/\/api.w.org\/{rel}","templated":true}]}}