{"id":665,"date":"2024-12-11T16:42:24","date_gmt":"2024-12-11T16:42:24","guid":{"rendered":"https:\/\/digital-partners.co\/?page_id=665"},"modified":"2025-05-07T19:01:31","modified_gmt":"2025-05-07T19:01:31","slug":"team","status":"publish","type":"page","link":"https:\/\/digital-partners.co\/es\/team\/","title":{"rendered":"EQUIPO"},"content":{"rendered":"<div id=\"page-title\" class=\"wp-block-uagb-container uagb-block-b98cd2b1 alignfull uagb-is-root-container\"><div class=\"uagb-container__shape uagb-container__shape-bottom uagb-container__invert\" data-negative=\"false\"><svg xmlns=\"https:\/\/www.w3.org\/2000\/svg\" viewbox=\"0 0 2600 131.1\" preserveaspectratio=\"none\"><path class=\"uagb-container__shape-fill\" d=\"M0 0L2600 0 2600 69.1 0 0z\"><\/path><path class=\"uagb-container__shape-fill\" opacity=\"0.5\" d=\"M0 0L2600 0 2600 69.1 0 69.1z\"><\/path><path class=\"uagb-container__shape-fill\" opacity=\"0.25\" d=\"M2600 0L0 0 0 130.1 2600 69.1z\"><\/path><\/svg><\/div><div class=\"uagb-container-inner-blocks-wrap\">\n<div class=\"wp-block-uagb-advanced-heading uagb-block-b7c32354\"><h1 class=\"uagb-heading-text\">EQUIPO<\/h1><\/div>\n<\/div><\/div>\n\n\n\n<div id=\"our-team\" class=\"wp-block-uagb-container uagb-layout-grid uagb-block-e8e7ed0c alignfull uagb-is-root-container\"><div class=\"uagb-container-inner-blocks-wrap\">\n<div class=\"wp-block-uagb-container uagb-layout-flex uagb-block-db876870\">\n<div class=\"wp-block-uagb-advanced-heading uagb-block-dd3a0a0a\"><h2 class=\"uagb-heading-text\">NUESTRO EQUIPO<\/h2><\/div>\n\n\n\n<p style=\"line-height:1.4\"><br>William Guerrero Robayo es un ejecutivo senior en telecomunicaciones con una trayectoria comprobada en la gesti\u00f3n de proyectos a gran escala para importantes conglomerados de la industria. Su enfoque estrat\u00e9gico impulsa la eficiencia operativa, la optimizaci\u00f3n de costos y el crecimiento en el mercado<\/p>\n\n\n\n<p style=\"line-height:1.4\"><br>Guillermo Ordo\u00f1ez es un director comercial senior y experto en desarrollo de negocios que impulsa soluciones estrat\u00e9gicas de ventas mediante planes t\u00e9cnicos personalizados que integran innovaci\u00f3n y gesti\u00f3n financiera. Ha logrado resultados sobresalientes en Cloud, Ciberseguridad y Conectividad Inteligente, con una trayectoria comprobada de \u00e9xito en Colombia, Panam\u00e1, Brasil, M\u00e9xico, Espa\u00f1a, Italia y Noruega<\/p>\n\n\n\n<p style=\"line-height:1.4\"><br>Guillermo Alberto Holgu\u00edn es un ejecutivo experimentado en telecomunicaciones, especializado en la planificaci\u00f3n e ingenier\u00eda de proyectos para redes m\u00f3viles, fijas y de transporte. Ha liderado proyectos regionales e iniciativas estrat\u00e9gicas para empresas multinacionales de telecomunicaciones en Am\u00e9rica Latina, el Caribe y Europa<\/p>\n\n\n\n<p style=\"line-height:1.4\"><br>Edgar Ram\u00edrez es un director de operaciones especializado en telecomunicaciones y TI, reconocido por la gesti\u00f3n de proyectos diversos, la implementaci\u00f3n de metodolog\u00edas \u00e1giles y el liderazgo de iniciativas de transformaci\u00f3n. Impulsa la innovaci\u00f3n, la transformaci\u00f3n digital y la mejora de la experiencia del cliente, logrando constantemente resultados de alto impacto<\/p>\n<\/div>\n\n\n\n<div class=\"wp-block-uagb-container uag-hide-desktop uagb-block-ae956680\">\n<div class=\"wp-block-uagb-container uagb-block-a2d0cfbe\">\n<figure class=\"wp-block-image size-full is-resized has-custom-border is-style-rounded\"><img loading=\"lazy\" decoding=\"async\" width=\"841\" height=\"841\" src=\"https:\/\/digital-partners.co\/wp-content\/uploads\/2024\/12\/FOTO-GAO-edited.jpg\" alt=\"\" class=\"has-border-color has-ast-global-color-0-border-color wp-image-911\" style=\"border-width:3px;aspect-ratio:1;object-fit:cover;width:120px\" srcset=\"https:\/\/digital-partners.co\/wp-content\/uploads\/2024\/12\/FOTO-GAO-edited.jpg 841w, https:\/\/digital-partners.co\/wp-content\/uploads\/2024\/12\/FOTO-GAO-edited-300x300.jpg 300w, https:\/\/digital-partners.co\/wp-content\/uploads\/2024\/12\/FOTO-GAO-edited-150x150.jpg 150w, https:\/\/digital-partners.co\/wp-content\/uploads\/2024\/12\/FOTO-GAO-edited-768x768.jpg 768w, https:\/\/digital-partners.co\/wp-content\/uploads\/2024\/12\/FOTO-GAO-edited-12x12.jpg 12w\" sizes=\"auto, (max-width: 841px) 100vw, 841px\" \/><\/figure>\n<\/div>\n\n\n\n<div class=\"wp-block-uagb-container uagb-block-bb0c2323\">\n<figure class=\"wp-block-image size-full is-resized has-custom-border is-style-rounded\"><img loading=\"lazy\" decoding=\"async\" width=\"623\" height=\"623\" src=\"https:\/\/digital-partners.co\/wp-content\/uploads\/2024\/12\/WG-edited-1.jpg\" alt=\"\" class=\"has-border-color has-ast-global-color-0-border-color wp-image-915\" style=\"border-width:3px;aspect-ratio:1;object-fit:cover;width:120px\" srcset=\"https:\/\/digital-partners.co\/wp-content\/uploads\/2024\/12\/WG-edited-1.jpg 623w, https:\/\/digital-partners.co\/wp-content\/uploads\/2024\/12\/WG-edited-1-300x300.jpg 300w, https:\/\/digital-partners.co\/wp-content\/uploads\/2024\/12\/WG-edited-1-150x150.jpg 150w, https:\/\/digital-partners.co\/wp-content\/uploads\/2024\/12\/WG-edited-1-12x12.jpg 12w\" sizes=\"auto, (max-width: 623px) 100vw, 623px\" \/><\/figure>\n<\/div>\n\n\n\n<div class=\"wp-block-uagb-container uagb-block-262cf279\">\n<figure class=\"wp-block-image size-full is-resized has-custom-border is-style-rounded\"><img loading=\"lazy\" decoding=\"async\" width=\"800\" height=\"612\" src=\"https:\/\/digital-partners.co\/wp-content\/uploads\/2024\/12\/17_edgar_ramirez.webp\" alt=\"\" class=\"has-border-color has-ast-global-color-0-border-color wp-image-643\" style=\"border-width:3px;aspect-ratio:1;object-fit:cover;width:120px\" srcset=\"https:\/\/digital-partners.co\/wp-content\/uploads\/2024\/12\/17_edgar_ramirez.webp 800w, https:\/\/digital-partners.co\/wp-content\/uploads\/2024\/12\/17_edgar_ramirez-300x230.webp 300w, https:\/\/digital-partners.co\/wp-content\/uploads\/2024\/12\/17_edgar_ramirez-768x588.webp 768w, https:\/\/digital-partners.co\/wp-content\/uploads\/2024\/12\/17_edgar_ramirez-16x12.webp 16w\" sizes=\"auto, (max-width: 800px) 100vw, 800px\" \/><\/figure>\n<\/div>\n\n\n\n<div class=\"wp-block-uagb-container uagb-block-7231e78d\">\n<figure class=\"wp-block-image aligncenter size-full is-resized has-custom-border is-style-rounded\"><img loading=\"lazy\" decoding=\"async\" width=\"848\" height=\"848\" src=\"https:\/\/digital-partners.co\/wp-content\/uploads\/2024\/12\/GAH-edited-1.jpg\" alt=\"\" class=\"has-border-color has-ast-global-color-0-border-color wp-image-910\" style=\"border-width:3px;aspect-ratio:1;object-fit:cover;width:120px\" srcset=\"https:\/\/digital-partners.co\/wp-content\/uploads\/2024\/12\/GAH-edited-1.jpg 848w, https:\/\/digital-partners.co\/wp-content\/uploads\/2024\/12\/GAH-edited-1-300x300.jpg 300w, https:\/\/digital-partners.co\/wp-content\/uploads\/2024\/12\/GAH-edited-1-150x150.jpg 150w, https:\/\/digital-partners.co\/wp-content\/uploads\/2024\/12\/GAH-edited-1-768x768.jpg 768w, https:\/\/digital-partners.co\/wp-content\/uploads\/2024\/12\/GAH-edited-1-12x12.jpg 12w\" sizes=\"auto, (max-width: 848px) 100vw, 848px\" \/><\/figure>\n<\/div>\n<\/div>\n\n\n\n<div class=\"wp-block-uagb-container uag-hide-tab uag-hide-mob uagb-block-d6f6a3f4\">\n<div class=\"wp-block-uagb-container uagb-block-a1c8ce11\">\n<div class=\"wp-block-group has-border-color has-ast-global-color-0-border-color is-content-justification-center is-layout-constrained wp-container-core-group-is-layout-d79e762b wp-block-group-is-layout-constrained has-background\" style=\"border-width:3px;border-radius:100%;min-height:160px;padding-top:var(--wp--preset--spacing--70);padding-right:var(--wp--preset--spacing--70);padding-bottom:var(--wp--preset--spacing--70);padding-left:var(--wp--preset--spacing--70);background-image:url(&#039;https:\/\/digital-partners.co\/wp-content\/uploads\/2024\/12\/FOTO-GAO.jpg&#039;);background-position:15% 1%;background-size:cover;\"><\/div>\n<\/div>\n\n\n\n<div class=\"wp-block-uagb-container uagb-block-cc16c73b\">\n<div class=\"wp-block-group has-border-color has-ast-global-color-0-border-color is-content-justification-center is-layout-constrained wp-container-core-group-is-layout-d79e762b wp-block-group-is-layout-constrained has-background\" style=\"border-width:3px;border-radius:100%;min-height:160px;padding-top:var(--wp--preset--spacing--70);padding-right:var(--wp--preset--spacing--70);padding-bottom:var(--wp--preset--spacing--70);padding-left:var(--wp--preset--spacing--70);background-image:url(&#039;https:\/\/digital-partners.co\/wp-content\/uploads\/2024\/12\/17_edgar_ramirez.webp&#039;);background-position:50% 49%;background-size:cover;\"><\/div>\n<\/div>\n<\/div>\n\n\n\n<div class=\"wp-block-uagb-container uag-hide-tab uag-hide-mob uagb-block-c39e8dcf\">\n<div class=\"wp-block-uagb-container uagb-block-9f4f5bc0\">\n<div class=\"wp-block-group has-border-color has-ast-global-color-0-border-color is-content-justification-center is-layout-constrained wp-container-core-group-is-layout-d79e762b wp-block-group-is-layout-constrained has-background\" style=\"border-width:3px;border-radius:100%;min-height:160px;padding-top:var(--wp--preset--spacing--70);padding-right:var(--wp--preset--spacing--70);padding-bottom:var(--wp--preset--spacing--70);padding-left:var(--wp--preset--spacing--70);background-image:url(&#039;https:\/\/digital-partners.co\/wp-content\/uploads\/2024\/12\/WG-edited-1.jpg&#039;);background-position:52% 11%;background-size:cover;\"><\/div>\n<\/div>\n\n\n\n<div class=\"wp-block-uagb-container uagb-block-0e5a8aa6\">\n<div class=\"wp-block-group has-border-color has-ast-global-color-0-border-color is-content-justification-center is-layout-constrained wp-container-core-group-is-layout-d79e762b wp-block-group-is-layout-constrained has-background\" style=\"border-width:3px;border-radius:100%;min-height:160px;padding-top:var(--wp--preset--spacing--70);padding-right:var(--wp--preset--spacing--70);padding-bottom:var(--wp--preset--spacing--70);padding-left:var(--wp--preset--spacing--70);background-image:url(&#039;https:\/\/digital-partners.co\/wp-content\/uploads\/2024\/12\/GAH.jpg&#039;);background-position:66% 9%;background-size:cover;\"><\/div>\n<\/div>\n<\/div>\n<\/div><\/div>\n\n\n\n<div class=\"wp-block-uagb-container uagb-block-fcee9548 alignfull uagb-is-root-container\"><div class=\"uagb-container__shape uagb-container__shape-bottom uagb-container__invert\" data-negative=\"false\"><svg xmlns=\"https:\/\/www.w3.org\/2000\/svg\" viewbox=\"0 0 283.5 19.6\" preserveaspectratio=\"none\"><path class=\"uagb-container__shape-fill\" opacity=\"0.33\" d=\"M0 0L0 18.8 141.8 4.1 283.5 18.8 283.5 0z\"><\/path><path class=\"uagb-container__shape-fill\" opacity=\"0.33\" d=\"M0 0L0 12.6 141.8 4 283.5 12.6 283.5 0z\"><\/path><path class=\"uagb-container__shape-fill\" opacity=\"0.33\" d=\"M0 0L0 6.4 141.8 4 283.5 6.4 283.5 0z\"><\/path><path class=\"uagb-container__shape-fill\" d=\"M0 0L0 1.2 141.8 4 283.5 1.2 283.5 0z\"><\/path><\/svg><\/div><div class=\"uagb-container-inner-blocks-wrap\">\n<div style=\"height:100px\" aria-hidden=\"true\" class=\"wp-block-spacer\"><\/div>\n<\/div><\/div>","protected":false},"excerpt":{"rendered":"<p>EQUIPO<\/p>","protected":false},"author":1,"featured_media":0,"parent":0,"menu_order":0,"comment_status":"closed","ping_status":"closed","template":"","meta":{"_uag_custom_page_level_css":"","site-sidebar-layout":"default","site-content-layout":"","ast-site-content-layout":"default","site-content-style":"default","site-sidebar-style":"default","ast-global-header-display":"","ast-banner-title-visibility":"","ast-main-header-display":"","ast-hfb-above-header-display":"","ast-hfb-below-header-display":"","ast-hfb-mobile-header-display":"","site-post-title":"disabled","ast-breadcrumbs-content":"","ast-featured-img":"","footer-sml-layout":"","ast-disable-related-posts":"","theme-transparent-header-meta":"","adv-header-id-meta":"","stick-header-meta":"","header-above-stick-meta":"","header-main-stick-meta":"","header-below-stick-meta":"","astra-migrate-meta-layouts":"set","ast-page-background-enabled":"default","ast-page-background-meta":{"desktop":{"background-color":"var(--ast-global-color-4)","background-image":"","background-repeat":"repeat","background-position":"center center","background-size":"auto","background-attachment":"scroll","background-type":"","background-media":"","overlay-type":"","overlay-color":"","overlay-opacity":"","overlay-gradient":""},"tablet":{"background-color":"","background-image":"","background-repeat":"repeat","background-position":"center center","background-size":"auto","background-attachment":"scroll","background-type":"","background-media":"","overlay-type":"","overlay-color":"","overlay-opacity":"","overlay-gradient":""},"mobile":{"background-color":"","background-image":"","background-repeat":"repeat","background-position":"center center","background-size":"auto","background-attachment":"scroll","background-type":"","background-media":"","overlay-type":"","overlay-color":"","overlay-opacity":"","overlay-gradient":""}},"ast-content-background-meta":{"desktop":{"background-color":"var(--ast-global-color-5)","background-image":"","background-repeat":"repeat","background-position":"center center","background-size":"auto","background-attachment":"scroll","background-type":"","background-media":"","overlay-type":"","overlay-color":"","overlay-opacity":"","overlay-gradient":""},"tablet":{"background-color":"var(--ast-global-color-5)","background-image":"","background-repeat":"repeat","background-position":"center center","background-size":"auto","background-attachment":"scroll","background-type":"","background-media":"","overlay-type":"","overlay-color":"","overlay-opacity":"","overlay-gradient":""},"mobile":{"background-color":"var(--ast-global-color-5)","background-image":"","background-repeat":"repeat","background-position":"center center","background-size":"auto","background-attachment":"scroll","background-type":"","background-media":"","overlay-type":"","overlay-color":"","overlay-opacity":"","overlay-gradient":""}},"footnotes":""},"class_list":["post-665","page","type-page","status-publish","hentry"],"aioseo_notices":[],"uagb_featured_image_src":{"full":false,"thumbnail":false,"medium":false,"medium_large":false,"large":false,"1536x1536":false,"2048x2048":false,"trp-custom-language-flag":false},"uagb_author_info":{"display_name":"gordoneznokia@gmail.com","author_link":"https:\/\/digital-partners.co\/es\/author\/gordoneznokiagmail-com\/"},"uagb_comment_info":0,"uagb_excerpt":"Team","_links":{"self":[{"href":"https:\/\/digital-partners.co\/es\/wp-json\/wp\/v2\/pages\/665","targetHints":{"allow":["GET"]}}],"collection":[{"href":"https:\/\/digital-partners.co\/es\/wp-json\/wp\/v2\/pages"}],"about":[{"href":"https:\/\/digital-partners.co\/es\/wp-json\/wp\/v2\/types\/page"}],"author":[{"embeddable":true,"href":"https:\/\/digital-partners.co\/es\/wp-json\/wp\/v2\/users\/1"}],"replies":[{"embeddable":true,"href":"https:\/\/digital-partners.co\/es\/wp-json\/wp\/v2\/comments?post=665"}],"version-history":[{"count":8,"href":"https:\/\/digital-partners.co\/es\/wp-json\/wp\/v2\/pages\/665\/revisions"}],"predecessor-version":[{"id":1035,"href":"https:\/\/digital-partners.co\/es\/wp-json\/wp\/v2\/pages\/665\/revisions\/1035"}],"wp:attachment":[{"href":"https:\/\/digital-partners.co\/es\/wp-json\/wp\/v2\/media?parent=665"}],"curies":[{"name":"wp","href":"https:\/\/api.w.org\/{rel}","templated":true}]}}